{"id":92,"date":"2021-11-04T08:26:04","date_gmt":"2021-11-04T08:26:04","guid":{"rendered":"https:\/\/occamat.fr\/?page_id=92"},"modified":"2022-04-29T08:17:11","modified_gmt":"2022-04-29T08:17:11","slug":"nos-occasions","status":"publish","type":"page","link":"https:\/\/www.occamat.fr\/fr_fr\/nos-occasions\/","title":{"rendered":"Nos occasions"},"content":{"rendered":"\t\t<div data-elementor-type=\"wp-page\" data-elementor-id=\"92\" class=\"elementor elementor-92\" data-elementor-post-type=\"page\">\n\t\t\t\t\t\t<section class=\"elementor-section elementor-top-section elementor-element elementor-element-edb8c61 elementor-section-content-middle elementor-section-boxed elementor-section-height-default elementor-section-height-default\" data-id=\"edb8c61\" data-element_type=\"section\" data-e-type=\"section\" data-settings=\"{&quot;background_background&quot;:&quot;classic&quot;}\">\n\t\t\t\t\t\t<div class=\"elementor-container elementor-column-gap-default\">\n\t\t\t\t\t<div class=\"elementor-column elementor-col-100 elementor-top-column elementor-element elementor-element-078c6e4\" data-id=\"078c6e4\" data-element_type=\"column\" data-e-type=\"column\">\n\t\t\t<div class=\"elementor-widget-wrap elementor-element-populated\">\n\t\t\t\t\t\t<div class=\"elementor-element elementor-element-f9b5f9f elementor-widget elementor-widget-heading\" data-id=\"f9b5f9f\" data-element_type=\"widget\" data-e-type=\"widget\" data-widget_type=\"heading.default\">\n\t\t\t\t<div class=\"elementor-widget-container\">\n\t\t\t\t\t<h1 class=\"elementor-heading-title elementor-size-default\">ANNONCES D'OCCASIONS<\/h1>\t\t\t\t<\/div>\n\t\t\t\t<\/div>\n\t\t\t\t\t<\/div>\n\t\t<\/div>\n\t\t\t\t\t<\/div>\n\t\t<\/section>\n\t\t\t\t<section class=\"elementor-section elementor-top-section elementor-element elementor-element-2ae66b3 elementor-section-boxed elementor-section-height-default elementor-section-height-default\" data-id=\"2ae66b3\" data-element_type=\"section\" data-e-type=\"section\">\n\t\t\t\t\t\t<div class=\"elementor-container elementor-column-gap-default\">\n\t\t\t\t\t<div class=\"elementor-column elementor-col-33 elementor-top-column elementor-element elementor-element-29c31f6\" data-id=\"29c31f6\" data-element_type=\"column\" data-e-type=\"column\">\n\t\t\t<div class=\"elementor-widget-wrap\">\n\t\t\t\t\t\t\t<\/div>\n\t\t<\/div>\n\t\t\t\t<div class=\"elementor-column elementor-col-66 elementor-top-column elementor-element elementor-element-2791604\" data-id=\"2791604\" data-element_type=\"column\" data-e-type=\"column\">\n\t\t\t<div class=\"elementor-widget-wrap elementor-element-populated\">\n\t\t\t\t\t\t<div class=\"elementor-element elementor-element-21b0608 elementor-grid-3 elementor-grid-tablet-3 elementor-grid-mobile-2 elementor-products-grid elementor-wc-products elementor-widget elementor-widget-woocommerce-products\" data-id=\"21b0608\" data-element_type=\"widget\" data-e-type=\"widget\" data-widget_type=\"woocommerce-products.default\">\n\t\t\t\t<div class=\"elementor-widget-container\">\n\t\t\t\t\t<div class=\"woocommerce columns-3 \"><ul class=\"products elementor-grid columns-3\">\n<li class=\"product type-product post-3799 status-publish first instock product_cat-pelleteuse has-post-thumbnail shipping-taxable product-type-simple\">\n\t<a href=\"https:\/\/www.occamat.fr\/fr_fr\/produit\/dx-235-lcr\/\" class=\"woocommerce-LoopProduct-link woocommerce-loop-product__link\"><img fetchpriority=\"high\" decoding=\"async\" width=\"300\" height=\"300\" src=\"https:\/\/www.occamat.fr\/wp-content\/uploads\/2026\/04\/5oaKq-300x300.jpg\" class=\"attachment-woocommerce_thumbnail size-woocommerce_thumbnail\" alt=\"DX 235 LCR\" srcset=\"https:\/\/www.occamat.fr\/wp-content\/uploads\/2026\/04\/5oaKq-300x300.jpg 300w, https:\/\/www.occamat.fr\/wp-content\/uploads\/2026\/04\/5oaKq-150x150.jpg 150w, https:\/\/www.occamat.fr\/wp-content\/uploads\/2026\/04\/5oaKq-100x100.jpg 100w, https:\/\/www.occamat.fr\/wp-content\/uploads\/2026\/04\/5oaKq-120x120.jpg 120w\" sizes=\"(max-width: 300px) 100vw, 300px\" \/><h2 class=\"woocommerce-loop-product__title\">DX 235 LCR<\/h2>\n<\/a><a href=\"https:\/\/www.occamat.fr\/fr_fr\/produit\/dx-235-lcr\/\" aria-describedby=\"woocommerce_loop_add_to_cart_link_describedby_3799\" data-quantity=\"1\" class=\"button product_type_simple\" data-product_id=\"3799\" data-product_sku=\"\" aria-label=\"En savoir plus sur &ldquo;DX 235 LCR&rdquo;\" rel=\"nofollow\" data-success_message=\"\">Lire la suite<\/a>\t<span id=\"woocommerce_loop_add_to_cart_link_describedby_3799\" class=\"screen-reader-text\">\n\t\t\t<\/span>\n<\/li>\n<li class=\"product type-product post-3795 status-publish instock product_cat-pelleteuse has-post-thumbnail shipping-taxable product-type-simple\">\n\t<a href=\"https:\/\/www.occamat.fr\/fr_fr\/produit\/dx-235-lc-5\/\" class=\"woocommerce-LoopProduct-link woocommerce-loop-product__link\"><img decoding=\"async\" width=\"300\" height=\"300\" src=\"https:\/\/www.occamat.fr\/wp-content\/uploads\/2026\/04\/rlPGY-300x300.jpg\" class=\"attachment-woocommerce_thumbnail size-woocommerce_thumbnail\" alt=\"DX 235 LC-5\" srcset=\"https:\/\/www.occamat.fr\/wp-content\/uploads\/2026\/04\/rlPGY-300x300.jpg 300w, https:\/\/www.occamat.fr\/wp-content\/uploads\/2026\/04\/rlPGY-150x150.jpg 150w, https:\/\/www.occamat.fr\/wp-content\/uploads\/2026\/04\/rlPGY-100x100.jpg 100w, https:\/\/www.occamat.fr\/wp-content\/uploads\/2026\/04\/rlPGY-120x120.jpg 120w\" sizes=\"(max-width: 300px) 100vw, 300px\" \/><h2 class=\"woocommerce-loop-product__title\">DX 235 LC-5<\/h2>\n<\/a><a href=\"https:\/\/www.occamat.fr\/fr_fr\/produit\/dx-235-lc-5\/\" aria-describedby=\"woocommerce_loop_add_to_cart_link_describedby_3795\" data-quantity=\"1\" class=\"button product_type_simple\" data-product_id=\"3795\" data-product_sku=\"\" aria-label=\"En savoir plus sur &ldquo;DX 235 LC-5&rdquo;\" rel=\"nofollow\" data-success_message=\"\">Lire la suite<\/a>\t<span id=\"woocommerce_loop_add_to_cart_link_describedby_3795\" class=\"screen-reader-text\">\n\t\t\t<\/span>\n<\/li>\n<li class=\"product type-product post-3784 status-publish last instock product_cat-chargeur has-post-thumbnail shipping-taxable product-type-simple\">\n\t<a href=\"https:\/\/www.occamat.fr\/fr_fr\/produit\/zw-310\/\" class=\"woocommerce-LoopProduct-link woocommerce-loop-product__link\"><img decoding=\"async\" width=\"300\" height=\"300\" src=\"https:\/\/www.occamat.fr\/wp-content\/uploads\/2026\/04\/1-300x300.jpg\" class=\"attachment-woocommerce_thumbnail size-woocommerce_thumbnail\" alt=\"ZW 310\" srcset=\"https:\/\/www.occamat.fr\/wp-content\/uploads\/2026\/04\/1-300x300.jpg 300w, https:\/\/www.occamat.fr\/wp-content\/uploads\/2026\/04\/1-150x150.jpg 150w, https:\/\/www.occamat.fr\/wp-content\/uploads\/2026\/04\/1-100x100.jpg 100w, https:\/\/www.occamat.fr\/wp-content\/uploads\/2026\/04\/1-120x120.jpg 120w\" sizes=\"(max-width: 300px) 100vw, 300px\" \/><h2 class=\"woocommerce-loop-product__title\">ZW 310<\/h2>\n<\/a><a href=\"https:\/\/www.occamat.fr\/fr_fr\/produit\/zw-310\/\" aria-describedby=\"woocommerce_loop_add_to_cart_link_describedby_3784\" data-quantity=\"1\" class=\"button product_type_simple\" data-product_id=\"3784\" data-product_sku=\"\" aria-label=\"En savoir plus sur &ldquo;ZW 310&rdquo;\" rel=\"nofollow\" data-success_message=\"\">Lire la suite<\/a>\t<span id=\"woocommerce_loop_add_to_cart_link_describedby_3784\" class=\"screen-reader-text\">\n\t\t\t<\/span>\n<\/li>\n<li class=\"product type-product post-3778 status-publish first instock product_cat-pelleteuse has-post-thumbnail shipping-taxable product-type-simple\">\n\t<a href=\"https:\/\/www.occamat.fr\/fr_fr\/produit\/314-elcr\/\" class=\"woocommerce-LoopProduct-link woocommerce-loop-product__link\"><img loading=\"lazy\" decoding=\"async\" width=\"300\" height=\"300\" src=\"https:\/\/www.occamat.fr\/wp-content\/uploads\/2026\/04\/20260319_104323-300x300.jpg\" class=\"attachment-woocommerce_thumbnail size-woocommerce_thumbnail\" alt=\"314 ELCR\" srcset=\"https:\/\/www.occamat.fr\/wp-content\/uploads\/2026\/04\/20260319_104323-300x300.jpg 300w, https:\/\/www.occamat.fr\/wp-content\/uploads\/2026\/04\/20260319_104323-150x150.jpg 150w, https:\/\/www.occamat.fr\/wp-content\/uploads\/2026\/04\/20260319_104323-100x100.jpg 100w, https:\/\/www.occamat.fr\/wp-content\/uploads\/2026\/04\/20260319_104323-120x120.jpg 120w\" sizes=\"(max-width: 300px) 100vw, 300px\" \/><h2 class=\"woocommerce-loop-product__title\">314 ELCR<\/h2>\n<\/a><a href=\"https:\/\/www.occamat.fr\/fr_fr\/produit\/314-elcr\/\" aria-describedby=\"woocommerce_loop_add_to_cart_link_describedby_3778\" data-quantity=\"1\" class=\"button product_type_simple\" data-product_id=\"3778\" data-product_sku=\"\" aria-label=\"En savoir plus sur &ldquo;314 ELCR&rdquo;\" rel=\"nofollow\" data-success_message=\"\">Lire la suite<\/a>\t<span id=\"woocommerce_loop_add_to_cart_link_describedby_3778\" class=\"screen-reader-text\">\n\t\t\t<\/span>\n<\/li>\n<li class=\"product type-product post-3762 status-publish instock product_cat-chargeur has-post-thumbnail shipping-taxable product-type-simple\">\n\t<a href=\"https:\/\/www.occamat.fr\/fr_fr\/produit\/950-m\/\" class=\"woocommerce-LoopProduct-link woocommerce-loop-product__link\"><img loading=\"lazy\" decoding=\"async\" width=\"300\" height=\"300\" src=\"https:\/\/www.occamat.fr\/wp-content\/uploads\/2026\/03\/1-300x300.jpg\" class=\"attachment-woocommerce_thumbnail size-woocommerce_thumbnail\" alt=\"950 M\" srcset=\"https:\/\/www.occamat.fr\/wp-content\/uploads\/2026\/03\/1-300x300.jpg 300w, https:\/\/www.occamat.fr\/wp-content\/uploads\/2026\/03\/1-150x150.jpg 150w, https:\/\/www.occamat.fr\/wp-content\/uploads\/2026\/03\/1-100x100.jpg 100w, https:\/\/www.occamat.fr\/wp-content\/uploads\/2026\/03\/1-120x120.jpg 120w\" sizes=\"(max-width: 300px) 100vw, 300px\" \/><h2 class=\"woocommerce-loop-product__title\">950 M<\/h2>\n<\/a><a href=\"https:\/\/www.occamat.fr\/fr_fr\/produit\/950-m\/\" aria-describedby=\"woocommerce_loop_add_to_cart_link_describedby_3762\" data-quantity=\"1\" class=\"button product_type_simple\" data-product_id=\"3762\" data-product_sku=\"\" aria-label=\"En savoir plus sur &ldquo;950 M&rdquo;\" rel=\"nofollow\" data-success_message=\"\">Lire la suite<\/a>\t<span id=\"woocommerce_loop_add_to_cart_link_describedby_3762\" class=\"screen-reader-text\">\n\t\t\t<\/span>\n<\/li>\n<li class=\"product type-product post-3756 status-publish last instock product_cat-pelleteuse has-post-thumbnail shipping-taxable product-type-simple\">\n\t<a href=\"https:\/\/www.occamat.fr\/fr_fr\/produit\/zx-280-lcn-3\/\" class=\"woocommerce-LoopProduct-link woocommerce-loop-product__link\"><img loading=\"lazy\" decoding=\"async\" width=\"300\" height=\"300\" src=\"https:\/\/www.occamat.fr\/wp-content\/uploads\/2026\/03\/20260324_105431-300x300.jpg\" class=\"attachment-woocommerce_thumbnail size-woocommerce_thumbnail\" alt=\"ZX 280 LCN-3\" srcset=\"https:\/\/www.occamat.fr\/wp-content\/uploads\/2026\/03\/20260324_105431-300x300.jpg 300w, https:\/\/www.occamat.fr\/wp-content\/uploads\/2026\/03\/20260324_105431-150x150.jpg 150w, https:\/\/www.occamat.fr\/wp-content\/uploads\/2026\/03\/20260324_105431-100x100.jpg 100w, https:\/\/www.occamat.fr\/wp-content\/uploads\/2026\/03\/20260324_105431-120x120.jpg 120w\" sizes=\"(max-width: 300px) 100vw, 300px\" \/><h2 class=\"woocommerce-loop-product__title\">ZX 280 LCN-3<\/h2>\n<\/a><a href=\"https:\/\/www.occamat.fr\/fr_fr\/produit\/zx-280-lcn-3\/\" aria-describedby=\"woocommerce_loop_add_to_cart_link_describedby_3756\" data-quantity=\"1\" class=\"button product_type_simple\" data-product_id=\"3756\" data-product_sku=\"\" aria-label=\"En savoir plus sur &ldquo;ZX 280 LCN-3&rdquo;\" rel=\"nofollow\" data-success_message=\"\">Lire la suite<\/a>\t<span id=\"woocommerce_loop_add_to_cart_link_describedby_3756\" class=\"screen-reader-text\">\n\t\t\t<\/span>\n<\/li>\n<li class=\"product type-product post-3739 status-publish first instock product_cat-pelleteuse has-post-thumbnail shipping-taxable product-type-simple\">\n\t<a href=\"https:\/\/www.occamat.fr\/fr_fr\/produit\/t-460\/\" class=\"woocommerce-LoopProduct-link woocommerce-loop-product__link\"><img loading=\"lazy\" decoding=\"async\" width=\"300\" height=\"300\" src=\"https:\/\/www.occamat.fr\/wp-content\/uploads\/2026\/03\/20260320_095756-300x300.jpg\" class=\"attachment-woocommerce_thumbnail size-woocommerce_thumbnail\" alt=\"T 460\" srcset=\"https:\/\/www.occamat.fr\/wp-content\/uploads\/2026\/03\/20260320_095756-300x300.jpg 300w, https:\/\/www.occamat.fr\/wp-content\/uploads\/2026\/03\/20260320_095756-150x150.jpg 150w, https:\/\/www.occamat.fr\/wp-content\/uploads\/2026\/03\/20260320_095756-100x100.jpg 100w, https:\/\/www.occamat.fr\/wp-content\/uploads\/2026\/03\/20260320_095756-120x120.jpg 120w\" sizes=\"(max-width: 300px) 100vw, 300px\" \/><h2 class=\"woocommerce-loop-product__title\">T 460<\/h2>\n<\/a><a href=\"https:\/\/www.occamat.fr\/fr_fr\/produit\/t-460\/\" aria-describedby=\"woocommerce_loop_add_to_cart_link_describedby_3739\" data-quantity=\"1\" class=\"button product_type_simple\" data-product_id=\"3739\" data-product_sku=\"\" aria-label=\"En savoir plus sur &ldquo;T 460&rdquo;\" rel=\"nofollow\" data-success_message=\"\">Lire la suite<\/a>\t<span id=\"woocommerce_loop_add_to_cart_link_describedby_3739\" class=\"screen-reader-text\">\n\t\t\t<\/span>\n<\/li>\n<li class=\"product type-product post-3720 status-publish instock product_cat-pelleteuse has-post-thumbnail shipping-taxable product-type-simple\">\n\t<a href=\"https:\/\/www.occamat.fr\/fr_fr\/produit\/r-922-lc\/\" class=\"woocommerce-LoopProduct-link woocommerce-loop-product__link\"><img loading=\"lazy\" decoding=\"async\" width=\"300\" height=\"300\" src=\"https:\/\/www.occamat.fr\/wp-content\/uploads\/2026\/03\/1-300x300.png\" class=\"attachment-woocommerce_thumbnail size-woocommerce_thumbnail\" alt=\"R 922 LC\" srcset=\"https:\/\/www.occamat.fr\/wp-content\/uploads\/2026\/03\/1-300x300.png 300w, https:\/\/www.occamat.fr\/wp-content\/uploads\/2026\/03\/1-150x150.png 150w, https:\/\/www.occamat.fr\/wp-content\/uploads\/2026\/03\/1-100x100.png 100w, https:\/\/www.occamat.fr\/wp-content\/uploads\/2026\/03\/1-120x120.png 120w\" sizes=\"(max-width: 300px) 100vw, 300px\" \/><h2 class=\"woocommerce-loop-product__title\">R 922 LC<\/h2>\n<\/a><a href=\"https:\/\/www.occamat.fr\/fr_fr\/produit\/r-922-lc\/\" aria-describedby=\"woocommerce_loop_add_to_cart_link_describedby_3720\" data-quantity=\"1\" class=\"button product_type_simple\" data-product_id=\"3720\" data-product_sku=\"\" aria-label=\"En savoir plus sur &ldquo;R 922 LC&rdquo;\" rel=\"nofollow\" data-success_message=\"\">Lire la suite<\/a>\t<span id=\"woocommerce_loop_add_to_cart_link_describedby_3720\" class=\"screen-reader-text\">\n\t\t\t<\/span>\n<\/li>\n<li class=\"product type-product post-3703 status-publish last instock product_cat-pelleteuse has-post-thumbnail shipping-taxable product-type-simple\">\n\t<a href=\"https:\/\/www.occamat.fr\/fr_fr\/produit\/hx-330-l\/\" class=\"woocommerce-LoopProduct-link woocommerce-loop-product__link\"><img loading=\"lazy\" decoding=\"async\" width=\"300\" height=\"300\" src=\"https:\/\/www.occamat.fr\/wp-content\/uploads\/2026\/03\/IMG20240515092444-300x300.jpg\" class=\"attachment-woocommerce_thumbnail size-woocommerce_thumbnail\" alt=\"HX 330 L\" srcset=\"https:\/\/www.occamat.fr\/wp-content\/uploads\/2026\/03\/IMG20240515092444-300x300.jpg 300w, https:\/\/www.occamat.fr\/wp-content\/uploads\/2026\/03\/IMG20240515092444-150x150.jpg 150w, https:\/\/www.occamat.fr\/wp-content\/uploads\/2026\/03\/IMG20240515092444-100x100.jpg 100w, https:\/\/www.occamat.fr\/wp-content\/uploads\/2026\/03\/IMG20240515092444-120x120.jpg 120w\" sizes=\"(max-width: 300px) 100vw, 300px\" \/><h2 class=\"woocommerce-loop-product__title\">HX 330 L<\/h2>\n<\/a><a href=\"https:\/\/www.occamat.fr\/fr_fr\/produit\/hx-330-l\/\" aria-describedby=\"woocommerce_loop_add_to_cart_link_describedby_3703\" data-quantity=\"1\" class=\"button product_type_simple\" data-product_id=\"3703\" data-product_sku=\"\" aria-label=\"En savoir plus sur &ldquo;HX 330 L&rdquo;\" rel=\"nofollow\" data-success_message=\"\">Lire la suite<\/a>\t<span id=\"woocommerce_loop_add_to_cart_link_describedby_3703\" class=\"screen-reader-text\">\n\t\t\t<\/span>\n<\/li>\n<li class=\"product type-product post-3691 status-publish first instock product_cat-pelleteuse has-post-thumbnail shipping-taxable product-type-simple\">\n\t<a href=\"https:\/\/www.occamat.fr\/fr_fr\/produit\/hx-235-lcr\/\" class=\"woocommerce-LoopProduct-link woocommerce-loop-product__link\"><img loading=\"lazy\" decoding=\"async\" width=\"300\" height=\"300\" src=\"https:\/\/www.occamat.fr\/wp-content\/uploads\/2026\/03\/20260304_104926-300x300.jpg\" class=\"attachment-woocommerce_thumbnail size-woocommerce_thumbnail\" alt=\"HX 235 LCR\" srcset=\"https:\/\/www.occamat.fr\/wp-content\/uploads\/2026\/03\/20260304_104926-300x300.jpg 300w, https:\/\/www.occamat.fr\/wp-content\/uploads\/2026\/03\/20260304_104926-150x150.jpg 150w, https:\/\/www.occamat.fr\/wp-content\/uploads\/2026\/03\/20260304_104926-100x100.jpg 100w, https:\/\/www.occamat.fr\/wp-content\/uploads\/2026\/03\/20260304_104926-120x120.jpg 120w\" sizes=\"(max-width: 300px) 100vw, 300px\" \/><h2 class=\"woocommerce-loop-product__title\">HX 235 LCR<\/h2>\n<\/a><a href=\"https:\/\/www.occamat.fr\/fr_fr\/produit\/hx-235-lcr\/\" aria-describedby=\"woocommerce_loop_add_to_cart_link_describedby_3691\" data-quantity=\"1\" class=\"button product_type_simple\" data-product_id=\"3691\" data-product_sku=\"\" aria-label=\"En savoir plus sur &ldquo;HX 235 LCR&rdquo;\" rel=\"nofollow\" data-success_message=\"\">Lire la suite<\/a>\t<span id=\"woocommerce_loop_add_to_cart_link_describedby_3691\" class=\"screen-reader-text\">\n\t\t\t<\/span>\n<\/li>\n<li class=\"product type-product post-3679 status-publish instock product_cat-equipements has-post-thumbnail shipping-taxable product-type-simple\">\n\t<a href=\"https:\/\/www.occamat.fr\/fr_fr\/produit\/mrb-122-rr\/\" class=\"woocommerce-LoopProduct-link woocommerce-loop-product__link\"><img loading=\"lazy\" decoding=\"async\" width=\"300\" height=\"300\" src=\"https:\/\/www.occamat.fr\/wp-content\/uploads\/2026\/03\/20260226_103024-300x300.jpg\" class=\"attachment-woocommerce_thumbnail size-woocommerce_thumbnail\" alt=\"MRB 122 RR\" srcset=\"https:\/\/www.occamat.fr\/wp-content\/uploads\/2026\/03\/20260226_103024-300x300.jpg 300w, https:\/\/www.occamat.fr\/wp-content\/uploads\/2026\/03\/20260226_103024-150x150.jpg 150w, https:\/\/www.occamat.fr\/wp-content\/uploads\/2026\/03\/20260226_103024-100x100.jpg 100w, https:\/\/www.occamat.fr\/wp-content\/uploads\/2026\/03\/20260226_103024-120x120.jpg 120w\" sizes=\"(max-width: 300px) 100vw, 300px\" \/><h2 class=\"woocommerce-loop-product__title\">MRB 122 RR<\/h2>\n<\/a><a href=\"https:\/\/www.occamat.fr\/fr_fr\/produit\/mrb-122-rr\/\" aria-describedby=\"woocommerce_loop_add_to_cart_link_describedby_3679\" data-quantity=\"1\" class=\"button product_type_simple\" data-product_id=\"3679\" data-product_sku=\"\" aria-label=\"En savoir plus sur &ldquo;MRB 122 RR&rdquo;\" rel=\"nofollow\" data-success_message=\"\">Lire la suite<\/a>\t<span id=\"woocommerce_loop_add_to_cart_link_describedby_3679\" class=\"screen-reader-text\">\n\t\t\t<\/span>\n<\/li>\n<li class=\"product type-product post-3667 status-publish last instock product_cat-pelleteuse has-post-thumbnail shipping-taxable product-type-simple\">\n\t<a href=\"https:\/\/www.occamat.fr\/fr_fr\/produit\/zx-350-lc\/\" class=\"woocommerce-LoopProduct-link woocommerce-loop-product__link\"><img loading=\"lazy\" decoding=\"async\" width=\"300\" height=\"300\" src=\"https:\/\/www.occamat.fr\/wp-content\/uploads\/2026\/02\/20260226_101606-300x300.jpg\" class=\"attachment-woocommerce_thumbnail size-woocommerce_thumbnail\" alt=\"ZX 350 LC\" srcset=\"https:\/\/www.occamat.fr\/wp-content\/uploads\/2026\/02\/20260226_101606-300x300.jpg 300w, https:\/\/www.occamat.fr\/wp-content\/uploads\/2026\/02\/20260226_101606-150x150.jpg 150w, https:\/\/www.occamat.fr\/wp-content\/uploads\/2026\/02\/20260226_101606-100x100.jpg 100w, https:\/\/www.occamat.fr\/wp-content\/uploads\/2026\/02\/20260226_101606-120x120.jpg 120w\" sizes=\"(max-width: 300px) 100vw, 300px\" \/><h2 class=\"woocommerce-loop-product__title\">ZX 350 LC<\/h2>\n<\/a><a href=\"https:\/\/www.occamat.fr\/fr_fr\/produit\/zx-350-lc\/\" aria-describedby=\"woocommerce_loop_add_to_cart_link_describedby_3667\" data-quantity=\"1\" class=\"button product_type_simple\" data-product_id=\"3667\" data-product_sku=\"\" aria-label=\"En savoir plus sur &ldquo;ZX 350 LC&rdquo;\" rel=\"nofollow\" data-success_message=\"\">Lire la suite<\/a>\t<span id=\"woocommerce_loop_add_to_cart_link_describedby_3667\" class=\"screen-reader-text\">\n\t\t\t<\/span>\n<\/li>\n<\/ul>\n<\/div>\t\t\t\t<\/div>\n\t\t\t\t<\/div>\n\t\t\t\t\t<\/div>\n\t\t<\/div>\n\t\t\t\t\t<\/div>\n\t\t<\/section>\n\t\t\t\t<\/div>\n\t\t","protected":false},"excerpt":{"rendered":"<p>ANNONCES D&rsquo;OCCASIONS Filtres Camions TP Chargeur Equipements Pelleteuse tractopelle<\/p>\n","protected":false},"author":1,"featured_media":0,"parent":0,"menu_order":0,"comment_status":"closed","ping_status":"closed","template":"","meta":{"_seopress_robots_primary_cat":"","_seopress_titles_title":"Achat et vente de mat\u00e9riels TP et \u00e9quipements TP d&#039;occasion -OCCAMAT FRANCE","_seopress_titles_desc":"Retrouvez toutes nos annonces de mat\u00e9riels et \u00e9quipements TP d&#039;occasion de toutes marques. Un besoin pr\u00e9cis ? Contactez-nous","_seopress_robots_index":"","footnotes":""},"class_list":["post-92","page","type-page","status-publish","hentry"],"_links":{"self":[{"href":"https:\/\/www.occamat.fr\/fr_fr\/wp-json\/wp\/v2\/pages\/92","targetHints":{"allow":["GET"]}}],"collection":[{"href":"https:\/\/www.occamat.fr\/fr_fr\/wp-json\/wp\/v2\/pages"}],"about":[{"href":"https:\/\/www.occamat.fr\/fr_fr\/wp-json\/wp\/v2\/types\/page"}],"author":[{"embeddable":true,"href":"https:\/\/www.occamat.fr\/fr_fr\/wp-json\/wp\/v2\/users\/1"}],"replies":[{"embeddable":true,"href":"https:\/\/www.occamat.fr\/fr_fr\/wp-json\/wp\/v2\/comments?post=92"}],"version-history":[{"count":5,"href":"https:\/\/www.occamat.fr\/fr_fr\/wp-json\/wp\/v2\/pages\/92\/revisions"}],"predecessor-version":[{"id":1418,"href":"https:\/\/www.occamat.fr\/fr_fr\/wp-json\/wp\/v2\/pages\/92\/revisions\/1418"}],"wp:attachment":[{"href":"https:\/\/www.occamat.fr\/fr_fr\/wp-json\/wp\/v2\/media?parent=92"}],"curies":[{"name":"wp","href":"https:\/\/api.w.org\/{rel}","templated":true}]}}